{"id":392,"date":"2024-08-15T13:18:24","date_gmt":"2024-08-15T13:18:24","guid":{"rendered":"https:\/\/tekohaparana.com.ar\/web\/?page_id=392"},"modified":"2024-08-26T15:20:40","modified_gmt":"2024-08-26T15:20:40","slug":"que-somos","status":"publish","type":"page","link":"https:\/\/tekohaparana.com.ar\/web\/que-somos\/","title":{"rendered":"Qu\u00e9 somos"},"content":{"rendered":"\n<p><\/p>\n\n\n\n<p><strong>Tekoha<\/strong> es una comunidad de medios y formas de comunicaci\u00f3n hecho en Paran\u00e1 con perspectiva universal. El proyecto se despliega en una p\u00e1gina web, una revista digital y cuentas en <a href=\"https:\/\/www.instagram.com\/tekoha.parana?igsh=c2VudXo1dWR1ejAw\" data-type=\"link\" data-id=\"@tekoha.parana\">Instagram <\/a>y en <a href=\"https:\/\/www.facebook.com\/profile.php?id=61556776530685\">Facebook<\/a>.<\/p>\n\n\n\n<p>De la cultura, el turismo y el periodismo urbano provienen las voces que animan los contenidos, producidos mientras la charla en rueda de amigos entreteje aquello que a\u00f1oramos, con lo que somos y lo que so\u00f1amos.<\/p>\n\n\n\n<p>Estas \u00e1reas tem\u00e1ticas son abordadas desde un horizonte reconocible para residentes y visitantes, a trav\u00e9s del rescate de protagonistas, personajes y lugares que hilan maneras de ser y estar.<\/p>\n\n\n\n<p>Sobre esa base, aspiramos a dar cuenta de los elementos que dan vida a categor\u00edas abstractas como la identidad y el sentido de pertenencia.<\/p>\n\n\n\n<p>La propuesta comunicacional no lleva su nombre en vano: la voz guaran\u00ed \u2018tekoha\u2019 es una noci\u00f3n multidimensional que nos remite a aquello diverso e inconsciente donde sentimos que somos lo que somos.<\/p>\n\n\n\n<p>La idea de este proyecto es poner a circular aquellas sustancias que nos bordan la convicci\u00f3n de ser parte de una experiencia vital colectiva: las formas de habitar el territorio; las maneras de apropiarnos de las costumbres; las estrategias de supervivencia inscriptas en el cumplimiento de las normas o en su profanaci\u00f3n; el rescate de los recuerdos y los deseos; las acepciones escondidas en el disfrute de postales, aromas, sabores, texturas y sonidos.<\/p>\n\n\n\n<p><strong>Tekoha<\/strong> pretende ser un lugar de historias compartidas, una cartograf\u00eda de huellas pasadas, presentes y futuras, un convite a recorrer lo que duele y lo que est\u00e1 pendiente, un mapa de relatos que nos re\u00fane ante lo que somos, un abrazo hecho paisaje que respira. A fin de cuentas, una invitaci\u00f3n a sentirse como en casa.<\/p>\n","protected":false},"excerpt":{"rendered":"<p>Tekoha es una comunidad de medios y formas de comunicaci\u00f3n hecho en Paran\u00e1 con perspectiva universal. El proyecto se despliega en una p\u00e1gina web, una revista digital y cuentas en Instagram y en Facebook. De la cultura, el turismo y el periodismo urbano provienen las voces que animan los contenidos, producidos mientras la charla en [&hellip;]<\/p>\n","protected":false},"author":2,"featured_media":0,"parent":0,"menu_order":0,"comment_status":"closed","ping_status":"closed","template":"","meta":{"_et_pb_use_builder":"off","_et_pb_old_content":"<!-- wp:paragraph -->\n<p>Tekoha es un medio de comunicaci\u00f3n hecho en Paran\u00e1 con perspectiva universal.<br>No lleva su nombre en vano: la voz guaran\u00ed \u2018tekoha\u2019 es una noci\u00f3n multidimensional que nos remite a aquello diverso e inconsciente donde sentimos que somos lo que somos.<br>Aspiramos a dar cuenta de esos elementos que dan vida a categor\u00edas abstractas como la identidad.<br>La idea de este proyecto es poner a circular aquellas sustancias que nos generan sentido de pertenencia: las formas de habitar el territorio; las maneras de apropiarnos de las costumbres; el rescate de los recuerdos y los anhelos; las acepciones escondidas en el disfrute de postales, aromas, sabores, texturas y sonidos.<br>Tekoha es un lugar de historias compartidas, una cartograf\u00eda de huellas pasadas, presentes y futuras, un mapa de relatos que nos re\u00fane con lo que somos, un abrazo hecho paisaje. A fin de cuentas, una invitaci\u00f3n a sentirse como en casa.<\/p>\n<!-- \/wp:paragraph -->","_et_gb_content_width":"","footnotes":""},"class_list":["post-392","page","type-page","status-publish","hentry"],"_links":{"self":[{"href":"https:\/\/tekohaparana.com.ar\/web\/wp-json\/wp\/v2\/pages\/392","targetHints":{"allow":["GET"]}}],"collection":[{"href":"https:\/\/tekohaparana.com.ar\/web\/wp-json\/wp\/v2\/pages"}],"about":[{"href":"https:\/\/tekohaparana.com.ar\/web\/wp-json\/wp\/v2\/types\/page"}],"author":[{"embeddable":true,"href":"https:\/\/tekohaparana.com.ar\/web\/wp-json\/wp\/v2\/users\/2"}],"replies":[{"embeddable":true,"href":"https:\/\/tekohaparana.com.ar\/web\/wp-json\/wp\/v2\/comments?post=392"}],"version-history":[{"count":7,"href":"https:\/\/tekohaparana.com.ar\/web\/wp-json\/wp\/v2\/pages\/392\/revisions"}],"predecessor-version":[{"id":678,"href":"https:\/\/tekohaparana.com.ar\/web\/wp-json\/wp\/v2\/pages\/392\/revisions\/678"}],"wp:attachment":[{"href":"https:\/\/tekohaparana.com.ar\/web\/wp-json\/wp\/v2\/media?parent=392"}],"curies":[{"name":"wp","href":"https:\/\/api.w.org\/{rel}","templated":true}]}}